{"id":53,"date":"2016-07-09T22:25:34","date_gmt":"2016-07-09T20:25:34","guid":{"rendered":"http:\/\/192.168.1.10\/wordpress\/?page_id=53"},"modified":"2025-01-21T21:13:51","modified_gmt":"2025-01-21T20:13:51","slug":"aviser","status":"publish","type":"page","link":"https:\/\/ekstroms.dk\/wordpress\/aviser\/","title":{"rendered":"Aviser"},"content":{"rendered":"<h3><strong>TV Aviser<br \/>\n<\/strong><\/h3>\n<p><a href=\"http:\/\/dr.dk\" target=\"aviser\" rel=\"noopener noreferrer\">DR<\/a><br \/>\n<a href=\"http:\/\/tv2.dk\" target=\"aviser\" rel=\"noopener noreferrer\">TV2<\/a><br \/>\n<a href=\"https:\/\/www.euronews.com\/\" target=\"_blank\" rel=\"noopener\">Euronews<\/a><\/p>\n<h3><strong>Aviser<br \/>\n<\/strong><\/h3>\n<p><a href=\"http:\/\/Politiken.dk\" target=\"aviser\" rel=\"noopener noreferrer\">Politikken<\/a><br \/>\n<a href=\"http:\/\/www.jp.dk\/\" target=\"aviser\" rel=\"noopener noreferrer\">Jyllandsposten<\/a><br \/>\n<a href=\"http:\/\/www.berlingske.dk\/\" target=\"aviser\" rel=\"noopener noreferrer\">Berlingske<\/a><br \/>\n<a href=\"http:\/\/www.borsen.dk\/\" target=\"aviser\" rel=\"noopener noreferrer\">B\u00f8rsen<\/a><br \/>\n<a href=\"http:\/\/www.ekstrabladet.dk\/\" target=\"aviser\" rel=\"noopener noreferrer\">Ekstra Bladet<\/a><br \/>\n<a href=\"http:\/\/www.bt.dk\/\" target=\"aviser\" rel=\"noopener noreferrer\">BT<\/a><br \/>\n<a href=\"http:\/\/www.hip.dk\/\" target=\"aviser\" rel=\"noopener noreferrer\">Hiller\u00f8d Posten<\/a><br \/>\n<a href=\"http:\/\/sn.dk\/nordsjaelland\" target=\"aviser\" rel=\"noopener noreferrer\">Frederiksborg Amts Avis<\/a><br \/>\n<a href=\"https:\/\/www.e-pages.dk\/halsnaesavis\/\" target=\"aviser\" rel=\"noopener noreferrer\">Halsn\u00e6s Avis<\/a><\/p>\n<h3><strong>Web-only Aviser<br \/>\n<\/strong><\/h3>\n<p><a href=\"http:\/\/www.kongressen.com\/\" target=\"aviser\" rel=\"noopener noreferrer\">Kongressen com<\/a><br \/>\n<a href=\"http:\/\/www.huffingtonpost.com\/\" target=\"aviser\" rel=\"noopener noreferrer\">Huffington Post<\/a><br \/>\n<a href=\"https:\/\/www.nytimes.com\/\" target=\"_blank\" rel=\"noopener\">New York Times<\/a><br \/>\n<a href=\"http:\/\/www.politico.com\/\" target=\"aviser\" rel=\"noopener noreferrer\">Politico<\/a><br \/>\n<a href=\"http:\/\/www.thedailybeast.com\/\" target=\"aviser\" rel=\"noopener noreferrer\">The Daily Beast<\/a><br \/>\n<a href=\"http:\/\/www.reddit.com\/\" target=\"aviser\" rel=\"noopener noreferrer\">Reddit<\/a><\/p>\n","protected":false},"excerpt":{"rendered":"<p>TV Aviser DR TV2 Euronews Aviser Politikken Jyllandsposten Berlingske B\u00f8rsen Ekstra Bladet BT Hiller\u00f8d Posten Frederiksborg Amts Avis Halsn\u00e6s Avis Web-only Aviser Kongressen com Huffington Post New York Times Politico The Daily Beast Reddit<\/p>\n","protected":false},"author":1,"featured_media":0,"parent":0,"menu_order":2,"comment_status":"closed","ping_status":"closed","template":"","meta":{"footnotes":""},"class_list":["post-53","page","type-page","status-publish","hentry","nodate","item-wrap"],"_links":{"self":[{"href":"https:\/\/ekstroms.dk\/wordpress\/wp-json\/wp\/v2\/pages\/53","targetHints":{"allow":["GET"]}}],"collection":[{"href":"https:\/\/ekstroms.dk\/wordpress\/wp-json\/wp\/v2\/pages"}],"about":[{"href":"https:\/\/ekstroms.dk\/wordpress\/wp-json\/wp\/v2\/types\/page"}],"author":[{"embeddable":true,"href":"https:\/\/ekstroms.dk\/wordpress\/wp-json\/wp\/v2\/users\/1"}],"replies":[{"embeddable":true,"href":"https:\/\/ekstroms.dk\/wordpress\/wp-json\/wp\/v2\/comments?post=53"}],"version-history":[{"count":15,"href":"https:\/\/ekstroms.dk\/wordpress\/wp-json\/wp\/v2\/pages\/53\/revisions"}],"predecessor-version":[{"id":265,"href":"https:\/\/ekstroms.dk\/wordpress\/wp-json\/wp\/v2\/pages\/53\/revisions\/265"}],"wp:attachment":[{"href":"https:\/\/ekstroms.dk\/wordpress\/wp-json\/wp\/v2\/media?parent=53"}],"curies":[{"name":"wp","href":"https:\/\/api.w.org\/{rel}","templated":true}]}}